{"id":2498,"date":"2023-11-22T11:47:40","date_gmt":"2023-11-22T09:47:40","guid":{"rendered":"https:\/\/villa-aposperitis.gr\/booking-policy"},"modified":"2023-12-15T15:38:17","modified_gmt":"2023-12-15T13:38:17","slug":"booking-policy","status":"publish","type":"page","link":"https:\/\/villa-aposperitis.gr\/fr\/booking-policy","title":{"rendered":"Politique de r\u00e9servation"},"content":{"rendered":"<style>.wp-block-kadence-advancedheading.kt-adv-heading2498_6ee0de-dc, .wp-block-kadence-advancedheading.kt-adv-heading2498_6ee0de-dc[data-kb-block=\"kb-adv-heading2498_6ee0de-dc\"]{font-style:normal;}.wp-block-kadence-advancedheading.kt-adv-heading2498_6ee0de-dc mark.kt-highlight, .wp-block-kadence-advancedheading.kt-adv-heading2498_6ee0de-dc[data-kb-block=\"kb-adv-heading2498_6ee0de-dc\"] mark.kt-highlight{font-style:normal;color:#f76a0c;-webkit-box-decoration-break:clone;box-decoration-break:clone;padding-top:0px;padding-right:0px;padding-bottom:0px;padding-left:0px;}.wp-block-kadence-advancedheading.kt-adv-heading2498_6ee0de-dc img.kb-inline-image, .wp-block-kadence-advancedheading.kt-adv-heading2498_6ee0de-dc[data-kb-block=\"kb-adv-heading2498_6ee0de-dc\"] img.kb-inline-image{width:150px;vertical-align:baseline;}<\/style>\n<h2 class=\"kt-adv-heading2498_6ee0de-dc wp-block-kadence-advancedheading\" data-kb-block=\"kb-adv-heading2498_6ee0de-dc\">R\u00c8GLEMENT DE LA MAISON<\/h2>\n\n\n<style>.wp-block-kadence-iconlist.kt-svg-icon-list-items2498_72073b-44:not(.this-stops-third-party-issues){margin-top:0px;margin-bottom:0px;}.wp-block-kadence-iconlist.kt-svg-icon-list-items2498_72073b-44 ul.kt-svg-icon-list:not(.this-prevents-issues):not(.this-stops-third-party-issues):not(.tijsloc){margin-top:0px;margin-right:0px;margin-bottom:var(--global-kb-spacing-sm, 1.5rem);margin-left:0px;}.wp-block-kadence-iconlist.kt-svg-icon-list-items2498_72073b-44 ul.kt-svg-icon-list{grid-row-gap:5px;}.wp-block-kadence-iconlist.kt-svg-icon-list-items2498_72073b-44 .kb-svg-icon-wrap{font-size:24px;}.wp-block-kadence-iconlist.kt-svg-icon-list-items2498_72073b-44 ul.kt-svg-icon-list .kt-svg-icon-list-item-wrap .kt-svg-icon-list-single{margin-right:10px;}.kt-svg-icon-list-items2498_72073b-44 ul.kt-svg-icon-list .kt-svg-icon-list-item-wrap, .kt-svg-icon-list-items2498_72073b-44 ul.kt-svg-icon-list .kt-svg-icon-list-item-wrap a{font-size:var(--global-kb-font-size-md, 1.25rem);}.kt-svg-icon-list-items2498_72073b-44 ul.kt-svg-icon-list .kt-svg-icon-list-level-0 .kt-svg-icon-list-single svg{font-size:20px;}<\/style>\n<div class=\"wp-block-kadence-iconlist kt-svg-icon-list-items kt-svg-icon-list-items2498_72073b-44 kt-svg-icon-list-columns-1 alignnone kt-list-icon-aligntop\"><ul class=\"kt-svg-icon-list\"><style>.kt-svg-icon-list-item-2498_5c4111-93 .kt-svg-icon-list-text mark.kt-highlight{background-color:unset;font-style:normal;color:#f76a0c;-webkit-box-decoration-break:clone;box-decoration-break:clone;padding-top:0px;padding-right:0px;padding-bottom:0px;padding-left:0px;}<\/style>\n<li class=\"wp-block-kadence-listitem kt-svg-icon-list-item-wrap kt-svg-icon-list-item-2498_5c4111-93\"><span class=\"kb-svg-icon-wrap kb-svg-icon-fas_door-closed kt-svg-icon-list-single\"><svg viewBox=\"0 0 640 512\"  fill=\"currentColor\" xmlns=\"http:\/\/www.w3.org\/2000\/svg\"  aria-hidden=\"true\"><path d=\"M624 448H512V50.8C512 22.78 490.47 0 464 0H175.99c-26.47 0-48 22.78-48 50.8V448H16c-8.84 0-16 7.16-16 16v32c0 8.84 7.16 16 16 16h608c8.84 0 16-7.16 16-16v-32c0-8.84-7.16-16-16-16zM415.99 288c-17.67 0-32-14.33-32-32s14.33-32 32-32 32 14.33 32 32c.01 17.67-14.32 32-32 32z\"\/><\/svg><\/span><span class=\"kt-svg-icon-list-text\">Check-in 24h\/24<\/span><\/li>\n\n\n<style>.kt-svg-icon-list-item-2498_e93e20-4c .kt-svg-icon-list-text mark.kt-highlight{background-color:unset;font-style:normal;color:#f76a0c;-webkit-box-decoration-break:clone;box-decoration-break:clone;padding-top:0px;padding-right:0px;padding-bottom:0px;padding-left:0px;}<\/style>\n<li class=\"wp-block-kadence-listitem kt-svg-icon-list-item-wrap kt-svg-icon-list-item-2498_e93e20-4c\"><span class=\"kb-svg-icon-wrap kb-svg-icon-fas_door-open kt-svg-icon-list-single\"><svg viewBox=\"0 0 640 512\"  fill=\"currentColor\" xmlns=\"http:\/\/www.w3.org\/2000\/svg\"  aria-hidden=\"true\"><path d=\"M624 448h-80V113.45C544 86.19 522.47 64 496 64H384v64h96v384h144c8.84 0 16-7.16 16-16v-32c0-8.84-7.16-16-16-16zM312.24 1.01l-192 49.74C105.99 54.44 96 67.7 96 82.92V448H16c-8.84 0-16 7.16-16 16v32c0 8.84 7.16 16 16 16h336V33.18c0-21.58-19.56-37.41-39.76-32.17zM264 288c-13.25 0-24-14.33-24-32s10.75-32 24-32 24 14.33 24 32-10.75 32-24 32z\"\/><\/svg><\/span><span class=\"kt-svg-icon-list-text\">Check out 12:00 pm<\/span><\/li>\n\n\n<style>.kt-svg-icon-list-item-2498_f507ca-a1 .kt-svg-icon-list-text mark.kt-highlight{background-color:unset;font-style:normal;color:#f76a0c;-webkit-box-decoration-break:clone;box-decoration-break:clone;padding-top:0px;padding-right:0px;padding-bottom:0px;padding-left:0px;}<\/style>\n<li class=\"wp-block-kadence-listitem kt-svg-icon-list-item-wrap kt-svg-icon-list-item-2498_f507ca-a1\"><span class=\"kb-svg-icon-wrap kb-svg-icon-fas_paw kt-svg-icon-list-single\"><svg viewBox=\"0 0 512 512\"  fill=\"currentColor\" xmlns=\"http:\/\/www.w3.org\/2000\/svg\"  aria-hidden=\"true\"><path d=\"M85.231 330.958C36 330.958 0 273.792 0 231.5c0-28.292 16-58.042 49.538-58.042 49.231 0 85.231 57.458 85.231 99.75 0 28.292-15.692 57.75-49.538 57.75zm348 106.167c0 37.042-32 42.875-63.385 42.875-41.231 0-74.462-26.25-113.846-26.25-41.231 0-76.308 25.958-120.923 25.958-29.847 0-56.308-9.625-56.308-42.583C78.769 368 180.616 265.333 256 265.333s177.231 102.959 177.231 171.792zM182.462 203.792c-49.847 0-80-59.5-80-100.333C102.462 70.792 120.308 32 160 32c50.154 0 80 59.5 80 100.333 0 32.667-17.846 71.459-57.538 71.459zM272 132.333C272 91.5 301.846 32 352 32c39.692 0 57.539 38.792 57.539 71.458 0 40.833-30.154 100.333-80.001 100.333C289.846 203.792 272 165 272 132.333zM512 231.5c0 42.292-36 99.458-85.231 99.458-33.847 0-49.538-29.458-49.538-57.75 0-42.291 35.999-99.75 85.231-99.75C496 173.458 512 203.208 512 231.5z\"\/><\/svg><\/span><span class=\"kt-svg-icon-list-text\">Animaux non admis<\/span><\/li>\n\n\n<style>.kt-svg-icon-list-item-2498_1d381b-30 .kt-svg-icon-list-text mark.kt-highlight{background-color:unset;font-style:normal;color:#f76a0c;-webkit-box-decoration-break:clone;box-decoration-break:clone;padding-top:0px;padding-right:0px;padding-bottom:0px;padding-left:0px;}<\/style>\n<li class=\"wp-block-kadence-listitem kt-svg-icon-list-item-wrap kt-svg-icon-list-item-2498_1d381b-30\"><span class=\"kb-svg-icon-wrap kb-svg-icon-fas_music kt-svg-icon-list-single\"><svg viewBox=\"0 0 512 512\"  fill=\"currentColor\" xmlns=\"http:\/\/www.w3.org\/2000\/svg\"  aria-hidden=\"true\"><path d=\"M511.99 32.01c0-21.71-21.1-37.01-41.6-30.51L150.4 96c-13.3 4.2-22.4 16.5-22.4 30.5v261.42c-10.05-2.38-20.72-3.92-32-3.92-53.02 0-96 28.65-96 64s42.98 64 96 64 96-28.65 96-64V214.31l256-75.02v184.63c-10.05-2.38-20.72-3.92-32-3.92-53.02 0-96 28.65-96 64s42.98 64 96 64 96-28.65 96-64l-.01-351.99z\"\/><\/svg><\/span><span class=\"kt-svg-icon-list-text\">\u00c9v\u00e9nements autoris\u00e9s uniquement lorsqu&rsquo;ils sont organis\u00e9s en collaboration avec nous<\/span><\/li>\n\n\n<style>.kt-svg-icon-list-item-2498_36e374-95 .kt-svg-icon-list-text mark.kt-highlight{background-color:unset;font-style:normal;color:#f76a0c;-webkit-box-decoration-break:clone;box-decoration-break:clone;padding-top:0px;padding-right:0px;padding-bottom:0px;padding-left:0px;}<\/style>\n<li class=\"wp-block-kadence-listitem kt-svg-icon-list-item-wrap kt-svg-icon-list-item-2498_36e374-95\"><span class=\"kb-svg-icon-wrap kb-svg-icon-fas_smoking kt-svg-icon-list-single\"><svg viewBox=\"0 0 640 512\"  fill=\"currentColor\" xmlns=\"http:\/\/www.w3.org\/2000\/svg\"  aria-hidden=\"true\"><path d=\"M632 352h-48c-4.4 0-8 3.6-8 8v144c0 4.4 3.6 8 8 8h48c4.4 0 8-3.6 8-8V360c0-4.4-3.6-8-8-8zM553.3 87.1c-5.7-3.8-9.3-10-9.3-16.8V8c0-4.4-3.6-8-8-8h-48c-4.4 0-8 3.6-8 8v62.3c0 22 10.2 43.4 28.6 55.4 42.2 27.3 67.4 73.8 67.4 124V280c0 4.4 3.6 8 8 8h48c4.4 0 8-3.6 8-8v-30.3c0-65.5-32.4-126.2-86.7-162.6zM432 352H48c-26.5 0-48 21.5-48 48v64c0 26.5 21.5 48 48 48h384c8.8 0 16-7.2 16-16V368c0-8.8-7.2-16-16-16zm-32 112H224v-64h176v64zm87.7-322.4C463.8 125 448 99.3 448 70.3V8c0-4.4-3.6-8-8-8h-48c-4.4 0-8 3.6-8 8v66.4c0 43.7 24.6 81.6 60.3 106.7 22.4 15.7 35.7 41.2 35.7 68.6V280c0 4.4 3.6 8 8 8h48c4.4 0 8-3.6 8-8v-30.3c0-43.3-21-83.4-56.3-108.1zM536 352h-48c-4.4 0-8 3.6-8 8v144c0 4.4 3.6 8 8 8h48c4.4 0 8-3.6 8-8V360c0-4.4-3.6-8-8-8z\"\/><\/svg><\/span><span class=\"kt-svg-icon-list-text\">Fumer, vapoter et e-cigarettes sont autoris\u00e9s \u00e0 l&rsquo;ext\u00e9rieur lorsque la Villa Aposperitis enti\u00e8re est lou\u00e9e par un seul groupe<\/span><\/li>\n\n\n<style>.kt-svg-icon-list-item-2498_3a393c-2d .kt-svg-icon-list-text mark.kt-highlight{background-color:unset;font-style:normal;color:#f76a0c;-webkit-box-decoration-break:clone;box-decoration-break:clone;padding-top:0px;padding-right:0px;padding-bottom:0px;padding-left:0px;}<\/style>\n<li class=\"wp-block-kadence-listitem kt-svg-icon-list-item-wrap kt-svg-icon-list-item-2498_3a393c-2d\"><span class=\"kb-svg-icon-wrap kb-svg-icon-fas_camera-retro kt-svg-icon-list-single\"><svg viewBox=\"0 0 512 512\"  fill=\"currentColor\" xmlns=\"http:\/\/www.w3.org\/2000\/svg\"  aria-hidden=\"true\"><path d=\"M48 32C21.5 32 0 53.5 0 80v352c0 26.5 21.5 48 48 48h416c26.5 0 48-21.5 48-48V80c0-26.5-21.5-48-48-48H48zm0 32h106c3.3 0 6 2.7 6 6v20c0 3.3-2.7 6-6 6H38c-3.3 0-6-2.7-6-6V80c0-8.8 7.2-16 16-16zm426 96H38c-3.3 0-6-2.7-6-6v-36c0-3.3 2.7-6 6-6h138l30.2-45.3c1.1-1.7 3-2.7 5-2.7H464c8.8 0 16 7.2 16 16v74c0 3.3-2.7 6-6 6zM256 424c-66.2 0-120-53.8-120-120s53.8-120 120-120 120 53.8 120 120-53.8 120-120 120zm0-208c-48.5 0-88 39.5-88 88s39.5 88 88 88 88-39.5 88-88-39.5-88-88-88zm-48 104c-8.8 0-16-7.2-16-16 0-35.3 28.7-64 64-64 8.8 0 16 7.2 16 16s-7.2 16-16 16c-17.6 0-32 14.4-32 32 0 8.8-7.2 16-16 16z\"\/><\/svg><\/span><span class=\"kt-svg-icon-list-text\">Photographie et tournage commerciaux autoris\u00e9s<\/span><\/li>\n<\/ul><\/div>\n\n\n<style>.wp-block-kadence-advancedheading.kt-adv-heading2498_6c36b4-d2, .wp-block-kadence-advancedheading.kt-adv-heading2498_6c36b4-d2[data-kb-block=\"kb-adv-heading2498_6c36b4-d2\"]{font-style:normal;}.wp-block-kadence-advancedheading.kt-adv-heading2498_6c36b4-d2 mark.kt-highlight, .wp-block-kadence-advancedheading.kt-adv-heading2498_6c36b4-d2[data-kb-block=\"kb-adv-heading2498_6c36b4-d2\"] mark.kt-highlight{font-style:normal;color:#f76a0c;-webkit-box-decoration-break:clone;box-decoration-break:clone;padding-top:0px;padding-right:0px;padding-bottom:0px;padding-left:0px;}.wp-block-kadence-advancedheading.kt-adv-heading2498_6c36b4-d2 img.kb-inline-image, .wp-block-kadence-advancedheading.kt-adv-heading2498_6c36b4-d2[data-kb-block=\"kb-adv-heading2498_6c36b4-d2\"] img.kb-inline-image{width:150px;vertical-align:baseline;}<\/style>\n<h2 class=\"kt-adv-heading2498_6c36b4-d2 wp-block-kadence-advancedheading\" data-kb-block=\"kb-adv-heading2498_6c36b4-d2\">POLITIQUES<\/h2>\n\n\n<style>.wp-block-kadence-advancedheading.kt-adv-heading2498_da162b-f8, .wp-block-kadence-advancedheading.kt-adv-heading2498_da162b-f8[data-kb-block=\"kb-adv-heading2498_da162b-f8\"]{font-style:normal;}.wp-block-kadence-advancedheading.kt-adv-heading2498_da162b-f8 mark.kt-highlight, .wp-block-kadence-advancedheading.kt-adv-heading2498_da162b-f8[data-kb-block=\"kb-adv-heading2498_da162b-f8\"] mark.kt-highlight{font-style:normal;color:#f76a0c;-webkit-box-decoration-break:clone;box-decoration-break:clone;padding-top:0px;padding-right:0px;padding-bottom:0px;padding-left:0px;}.wp-block-kadence-advancedheading.kt-adv-heading2498_da162b-f8 img.kb-inline-image, .wp-block-kadence-advancedheading.kt-adv-heading2498_da162b-f8[data-kb-block=\"kb-adv-heading2498_da162b-f8\"] img.kb-inline-image{width:150px;vertical-align:baseline;}<\/style>\n<h4 class=\"kt-adv-heading2498_da162b-f8 wp-block-kadence-advancedheading\" data-kb-block=\"kb-adv-heading2498_da162b-f8\">Politique de r\u00e9servation<\/h4>\n\n\n<style>.wp-block-kadence-advancedheading.kt-adv-heading2498_79736c-1d, .wp-block-kadence-advancedheading.kt-adv-heading2498_79736c-1d[data-kb-block=\"kb-adv-heading2498_79736c-1d\"]{font-style:normal;}.wp-block-kadence-advancedheading.kt-adv-heading2498_79736c-1d mark.kt-highlight, .wp-block-kadence-advancedheading.kt-adv-heading2498_79736c-1d[data-kb-block=\"kb-adv-heading2498_79736c-1d\"] mark.kt-highlight{font-style:normal;color:#f76a0c;-webkit-box-decoration-break:clone;box-decoration-break:clone;padding-top:0px;padding-right:0px;padding-bottom:0px;padding-left:0px;}.wp-block-kadence-advancedheading.kt-adv-heading2498_79736c-1d img.kb-inline-image, .wp-block-kadence-advancedheading.kt-adv-heading2498_79736c-1d[data-kb-block=\"kb-adv-heading2498_79736c-1d\"] img.kb-inline-image{width:150px;vertical-align:baseline;}<\/style>\n<p class=\"kt-adv-heading2498_79736c-1d wp-block-kadence-advancedheading\" data-kb-block=\"kb-adv-heading2498_79736c-1d\">Pour r\u00e9server, merci de nous envoyer un message et une fois que nous aurons convenu les conditions (p\u00e9riode, nombre de personnes\/appartements, prix) nous vous demanderons de virer 50% du montant total. Le reste du paiement sera transf\u00e9r\u00e9 de la m\u00eame mani\u00e8re une semaine avant la date d&rsquo;arriv\u00e9e.<\/p>\n\n\n<style>.wp-block-kadence-advancedheading.kt-adv-heading2498_c1ad41-a0, .wp-block-kadence-advancedheading.kt-adv-heading2498_c1ad41-a0[data-kb-block=\"kb-adv-heading2498_c1ad41-a0\"]{font-style:normal;}.wp-block-kadence-advancedheading.kt-adv-heading2498_c1ad41-a0 mark.kt-highlight, .wp-block-kadence-advancedheading.kt-adv-heading2498_c1ad41-a0[data-kb-block=\"kb-adv-heading2498_c1ad41-a0\"] mark.kt-highlight{font-style:normal;color:#f76a0c;-webkit-box-decoration-break:clone;box-decoration-break:clone;padding-top:0px;padding-right:0px;padding-bottom:0px;padding-left:0px;}.wp-block-kadence-advancedheading.kt-adv-heading2498_c1ad41-a0 img.kb-inline-image, .wp-block-kadence-advancedheading.kt-adv-heading2498_c1ad41-a0[data-kb-block=\"kb-adv-heading2498_c1ad41-a0\"] img.kb-inline-image{width:150px;vertical-align:baseline;}<\/style>\n<h4 class=\"kt-adv-heading2498_c1ad41-a0 wp-block-kadence-advancedheading\" data-kb-block=\"kb-adv-heading2498_c1ad41-a0\">Politique d&rsquo;annulation<\/h4>\n\n\n\n<p>Remboursement int\u00e9gral en cas d&rsquo;annulation jusqu&rsquo;\u00e0 30 jours avant l&rsquo;arriv\u00e9e. Si vous r\u00e9servez moins de 30 jours avant l&rsquo;arriv\u00e9e, remboursement int\u00e9gral pour les annulations effectu\u00e9es dans les 48 heures suivant la r\u00e9servation et au moins 14 jours avant l&rsquo;arriv\u00e9e. Apr\u00e8s cela, remboursement de 50 % jusqu&rsquo;\u00e0 7 jours avant l&rsquo;enregistrement. Aucun remboursement apr\u00e8s cela.<\/p>\n\n\n<style>.wp-block-kadence-advancedheading.kt-adv-heading2498_5f366b-00, .wp-block-kadence-advancedheading.kt-adv-heading2498_5f366b-00[data-kb-block=\"kb-adv-heading2498_5f366b-00\"]{font-style:normal;}.wp-block-kadence-advancedheading.kt-adv-heading2498_5f366b-00 mark.kt-highlight, .wp-block-kadence-advancedheading.kt-adv-heading2498_5f366b-00[data-kb-block=\"kb-adv-heading2498_5f366b-00\"] mark.kt-highlight{font-style:normal;color:#f76a0c;-webkit-box-decoration-break:clone;box-decoration-break:clone;padding-top:0px;padding-right:0px;padding-bottom:0px;padding-left:0px;}.wp-block-kadence-advancedheading.kt-adv-heading2498_5f366b-00 img.kb-inline-image, .wp-block-kadence-advancedheading.kt-adv-heading2498_5f366b-00[data-kb-block=\"kb-adv-heading2498_5f366b-00\"] img.kb-inline-image{width:150px;vertical-align:baseline;}<\/style>\n<h4 class=\"kt-adv-heading2498_5f366b-00 wp-block-kadence-advancedheading\" data-kb-block=\"kb-adv-heading2498_5f366b-00\">M\u00e9thodes de payement :<\/h4>\n\n\n\n<p>Virement bancaire, Paypal, POS<\/p>\n","protected":false},"excerpt":{"rendered":"<p>R\u00c8GLEMENT DE LA MAISON POLITIQUES Politique de r\u00e9servation Pour r\u00e9server, merci de nous envoyer un message et une fois que nous aurons convenu les conditions (p\u00e9riode, nombre de personnes\/appartements, prix) nous vous demanderons de virer 50% du montant total. Le reste du paiement sera transf\u00e9r\u00e9 de la m\u00eame mani\u00e8re une semaine avant la date d&rsquo;arriv\u00e9e&#8230;.<\/p>\n","protected":false},"author":1,"featured_media":2313,"parent":0,"menu_order":100,"comment_status":"closed","ping_status":"closed","template":"","meta":{"_acf_changed":false,"_kad_blocks_custom_css":"","_kad_blocks_head_custom_js":"","_kad_blocks_body_custom_js":"","_kad_blocks_footer_custom_js":"","_kad_post_transparent":"","_kad_post_title":"","_kad_post_layout":"narrow","_kad_post_sidebar_id":"","_kad_post_content_style":"boxed","_kad_post_vertical_padding":"","_kad_post_feature":"","_kad_post_feature_position":"","_kad_post_header":false,"_kad_post_footer":false,"_kad_post_classname":"","footnotes":""},"class_list":["post-2498","page","type-page","status-publish","has-post-thumbnail","hentry"],"acf":[],"taxonomy_info":[],"featured_image_src_large":["https:\/\/villa-aposperitis.gr\/wp-content\/uploads\/2023\/10\/couple-visit-tropical-beach-voulisma-beach-istron-crete-greece-during-vacation-1024x576.jpg",1024,576,true],"author_info":{"display_name":"admin","author_link":"https:\/\/villa-aposperitis.gr\/fr\/archives\/author\/hotadmin"},"comment_info":0,"_links":{"self":[{"href":"https:\/\/villa-aposperitis.gr\/fr\/wp-json\/wp\/v2\/pages\/2498","targetHints":{"allow":["GET"]}}],"collection":[{"href":"https:\/\/villa-aposperitis.gr\/fr\/wp-json\/wp\/v2\/pages"}],"about":[{"href":"https:\/\/villa-aposperitis.gr\/fr\/wp-json\/wp\/v2\/types\/page"}],"author":[{"embeddable":true,"href":"https:\/\/villa-aposperitis.gr\/fr\/wp-json\/wp\/v2\/users\/1"}],"replies":[{"embeddable":true,"href":"https:\/\/villa-aposperitis.gr\/fr\/wp-json\/wp\/v2\/comments?post=2498"}],"version-history":[{"count":2,"href":"https:\/\/villa-aposperitis.gr\/fr\/wp-json\/wp\/v2\/pages\/2498\/revisions"}],"predecessor-version":[{"id":2527,"href":"https:\/\/villa-aposperitis.gr\/fr\/wp-json\/wp\/v2\/pages\/2498\/revisions\/2527"}],"wp:featuredmedia":[{"embeddable":true,"href":"https:\/\/villa-aposperitis.gr\/fr\/wp-json\/wp\/v2\/media\/2313"}],"wp:attachment":[{"href":"https:\/\/villa-aposperitis.gr\/fr\/wp-json\/wp\/v2\/media?parent=2498"}],"curies":[{"name":"wp","href":"https:\/\/api.w.org\/{rel}","templated":true}]}}