{"id":2393,"date":"2023-11-22T11:33:32","date_gmt":"2023-11-22T09:33:32","guid":{"rendered":"https:\/\/villa-aposperitis.gr\/privacy-policy"},"modified":"2024-01-09T16:17:08","modified_gmt":"2024-01-09T14:17:08","slug":"privacy-policy","status":"publish","type":"page","link":"https:\/\/villa-aposperitis.gr\/fr\/privacy-policy","title":{"rendered":"Politique de confidentialit\u00e9"},"content":{"rendered":"<style>.wp-block-kadence-advancedheading.kt-adv-heading2393_486f30-e7, .wp-block-kadence-advancedheading.kt-adv-heading2393_486f30-e7[data-kb-block=\"kb-adv-heading2393_486f30-e7\"]{font-style:normal;}.wp-block-kadence-advancedheading.kt-adv-heading2393_486f30-e7 mark.kt-highlight, .wp-block-kadence-advancedheading.kt-adv-heading2393_486f30-e7[data-kb-block=\"kb-adv-heading2393_486f30-e7\"] mark.kt-highlight{font-style:normal;color:#f76a0c;-webkit-box-decoration-break:clone;box-decoration-break:clone;padding-top:0px;padding-right:0px;padding-bottom:0px;padding-left:0px;}.wp-block-kadence-advancedheading.kt-adv-heading2393_486f30-e7 img.kb-inline-image, .wp-block-kadence-advancedheading.kt-adv-heading2393_486f30-e7[data-kb-block=\"kb-adv-heading2393_486f30-e7\"] img.kb-inline-image{width:150px;vertical-align:baseline;}<\/style>\n<h3 class=\"kt-adv-heading2393_486f30-e7 wp-block-kadence-advancedheading\" data-kb-block=\"kb-adv-heading2393_486f30-e7\">POLITIQUE DE CONFIDENTIALIT\u00c9<\/h3>\n\n\n\n<p><strong>INTRODUCTION<br><\/strong><\/p>\n\n\n\n<p>Merci d&rsquo;avoir visit\u00e9 villa-aposperitis.gr<br>Nous nous engageons \u00e0 garantir que nous ne collectons ni n\u2019utilisons aucune information sur les visiteurs de notre site Web.<br>Pour plus d&rsquo;informations, veuillez contacter \u2192 support (at) villa-aposperitis.gr<br><br><strong>PORT\u00c9E DE NOTRE POLITIQUE DE CONFIDENTIALIT\u00c9<\/strong><br>Cette politique de confidentialit\u00e9 s&rsquo;applique \u00e0 l&rsquo;ensemble de notre site Web, y compris \u00e0 tout autre site Web cr\u00e9\u00e9 ou h\u00e9berg\u00e9 par nous de temps \u00e0 autre sur lequel cette politique de confidentialit\u00e9 appara\u00eet, ou sur lequel un lien vers cette politique de confidentialit\u00e9 est fourni.<br><br><strong>CLAUSE DE NON-RESPONSABILIT\u00c9<\/strong><br>Vous n\u2019\u00eates pas oblig\u00e9 de nous fournir aucune information pour utiliser notre site Web.<br>Cependant, nous pouvons \u00eatre amen\u00e9s \u00e0 collecter certaines informations aupr\u00e8s de vous si, par exemple, vous souhaitez effectuer une r\u00e9servation ou nous contacter.<br>Le contenu de ce site a \u00e9t\u00e9 pr\u00e9par\u00e9 \u00e0 des fins d&rsquo;information g\u00e9n\u00e9rale et ne constitue pas une sollicitation \u00e0 investir.<br>Villa Aposperitis n&rsquo;est en aucun cas responsable du contenu des autres sites Web par lequel l&rsquo;Utilisateur a pu \u2013 via un lien hypertexte \u2013 avoir acc\u00e9d\u00e9 \u00e0 ce Site ou \u00e0 d&rsquo;autres sites Internet li\u00e9s \u00e0 ce Site, Villa Aposperitis n&rsquo;est pas non plus responsable des pertes de profits ou de revenus, des pertes ou des dommages aux donn\u00e9es r\u00e9sultant de l&rsquo;utilisation ou de la confiance accord\u00e9e aux sites Web auxquels ce site peut \u00eatre li\u00e9.<br>Pour toute information compl\u00e9mentaire ou pr\u00e9cision, l\u2019Utilisateur devra se rendre sur la page \u00abContact \u00bb du Site.<\/p>\n\n\n<style>.wp-block-kadence-advancedheading.kt-adv-heading2393_7a18a7-04, .wp-block-kadence-advancedheading.kt-adv-heading2393_7a18a7-04[data-kb-block=\"kb-adv-heading2393_7a18a7-04\"]{font-style:normal;}.wp-block-kadence-advancedheading.kt-adv-heading2393_7a18a7-04 mark.kt-highlight, .wp-block-kadence-advancedheading.kt-adv-heading2393_7a18a7-04[data-kb-block=\"kb-adv-heading2393_7a18a7-04\"] mark.kt-highlight{font-style:normal;color:#f76a0c;-webkit-box-decoration-break:clone;box-decoration-break:clone;padding-top:0px;padding-right:0px;padding-bottom:0px;padding-left:0px;}.wp-block-kadence-advancedheading.kt-adv-heading2393_7a18a7-04 img.kb-inline-image, .wp-block-kadence-advancedheading.kt-adv-heading2393_7a18a7-04[data-kb-block=\"kb-adv-heading2393_7a18a7-04\"] img.kb-inline-image{width:150px;vertical-align:baseline;}<\/style>\n<h3 class=\"kt-adv-heading2393_7a18a7-04 wp-block-kadence-advancedheading\" data-kb-block=\"kb-adv-heading2393_7a18a7-04\">\u00c0 PROPOS DES COOKIES<\/h3>\n\n\n\n<p>Les cookies sont de petits fichiers texte stock\u00e9s sur votre ordinateur ou appareil connect\u00e9 \u00e0 Internet par les sites Web que vous visitez.<br>Ils sont largement utilis\u00e9s par les sites Web afin \u2013 comme ils le pr\u00e9tendent \u2013 d\u2019am\u00e9liorer leur efficacit\u00e9, ainsi que de fournir des informations sur l\u2019utilisation du site Web au propri\u00e9taire du site Web.<br><br><strong>NOS COOKIES<\/strong><br><\/p>\n\n\n\n<p>Notre site Internet ne n\u00e9cessite pas l&rsquo;utilisation de cookies pour fonctionner correctement.<br>Cependant, il existe 2 (deux) cookies de session qui collectent certaines informations vous concernant. Celui qui garde une trace de la langue de votre navigateur et celui qui stocke certaines informations si, par exemple, vous souhaitez effectuer une r\u00e9servation ou nous contacter.<br>Ces cookies sont normalement effac\u00e9s \u00e0 la fermeture de la session.<br><br><strong>COOKIE TIERS<\/strong><br><\/p>\n\n\n\n<p>Si, pour une raison quelconque, vous avez laiss\u00e9 les param\u00e8tres de votre navigateur dans l&rsquo;\u00e9tape par d\u00e9faut, il y a 1 (un) cookie qui est stock\u00e9 dans votre ordinateur\/appareil chaque fois que vous visitez notre site : le cookie de Google fourni par la section Carte.<br>Ce cookie est activ\u00e9 par d\u00e9faut par Google et nous n&rsquo;avons aucun moyen de le d\u00e9sactiver.<br>Il n&rsquo;appartient qu&rsquo;\u00e0 -vous-m\u00eame de d\u00e9sactiver ce type de cookies.<br>Pensez \u00e0 modifier les param\u00e8tres de votre navigateur d&rsquo;accepter tous les cookies \u00e0 \u2192 d\u00e9sactiver les cookies tiers.Des informations plus d\u00e9taill\u00e9es sur la gestion des cookies avec des navigateurs Web sp\u00e9cifiques peuvent \u00eatre trouv\u00e9es sur les sites Web respectifs des navigateurs.<br>Chrome &#8211; <a href=\"https:\/\/support.google.com\/chrome\/answer\/95647?hl=en&amp;topic=14666&amp;ctx=topic\" target=\"_blank\" rel=\"noreferrer noopener\">Effacer, autoriser et g\u00e9rer les cookies dans Chrome<\/a> <br>Firefox &#8211; <a href=\"https:\/\/support.mozilla.org\/en-US\/kb\/cookies-information-websites-store-on-your-computer\" target=\"_blank\" rel=\"noreferrer noopener\">Cookies &#8211; Informations que les sites Web stockent sur votre ordinateur<\/a><br>Internet Explorer &#8211; <a href=\"https:\/\/support.microsoft.com\/en-us\/windows\/delete-and-manage-cookies-168dab11-0753-043d-7c16-ede5947fc64d#ie=ie-11\" target=\"_blank\" rel=\"noreferrer noopener\">Supprimer et g\u00e9rer les cookies<\/a><br>Safari &#8211; <a href=\"https:\/\/support.apple.com\/guide\/safari\/manage-cookies-sfri11471\/mac\" target=\"_blank\" rel=\"noreferrer noopener\">Effacer les cookies dans Safari sur Mac<\/a><br>Si vous utilisez un appareil mobile, vous pouvez trouver plus d&rsquo;informations sur le guide d&rsquo;utilisation fourni par le fabricant.<\/p>\n","protected":false},"excerpt":{"rendered":"<p>POLITIQUE DE CONFIDENTIALIT\u00c9 INTRODUCTION Merci d&rsquo;avoir visit\u00e9 villa-aposperitis.grNous nous engageons \u00e0 garantir que nous ne collectons ni n\u2019utilisons aucune information sur les visiteurs de notre site Web.Pour plus d&rsquo;informations, veuillez contacter \u2192 support (at) villa-aposperitis.gr PORT\u00c9E DE NOTRE POLITIQUE DE CONFIDENTIALIT\u00c9Cette politique de confidentialit\u00e9 s&rsquo;applique \u00e0 l&rsquo;ensemble de notre site Web, y compris \u00e0 tout&#8230;<\/p>\n","protected":false},"author":1,"featured_media":2327,"parent":0,"menu_order":100,"comment_status":"closed","ping_status":"closed","template":"","meta":{"_acf_changed":false,"_kad_blocks_custom_css":"","_kad_blocks_head_custom_js":"","_kad_blocks_body_custom_js":"","_kad_blocks_footer_custom_js":"","_kad_post_transparent":"","_kad_post_title":"","_kad_post_layout":"narrow","_kad_post_sidebar_id":"","_kad_post_content_style":"boxed","_kad_post_vertical_padding":"","_kad_post_feature":"","_kad_post_feature_position":"","_kad_post_header":false,"_kad_post_footer":false,"_kad_post_classname":"","footnotes":""},"class_list":["post-2393","page","type-page","status-publish","has-post-thumbnail","hentry"],"acf":[],"taxonomy_info":[],"featured_image_src_large":["https:\/\/villa-aposperitis.gr\/wp-content\/uploads\/2023\/09\/couple-balos-beach-crete-greece-one-most-beautiful-beaches-greece-greek-island-1024x683.jpg",1024,683,true],"author_info":{"display_name":"admin","author_link":"https:\/\/villa-aposperitis.gr\/fr\/archives\/author\/hotadmin"},"comment_info":0,"_links":{"self":[{"href":"https:\/\/villa-aposperitis.gr\/fr\/wp-json\/wp\/v2\/pages\/2393","targetHints":{"allow":["GET"]}}],"collection":[{"href":"https:\/\/villa-aposperitis.gr\/fr\/wp-json\/wp\/v2\/pages"}],"about":[{"href":"https:\/\/villa-aposperitis.gr\/fr\/wp-json\/wp\/v2\/types\/page"}],"author":[{"embeddable":true,"href":"https:\/\/villa-aposperitis.gr\/fr\/wp-json\/wp\/v2\/users\/1"}],"replies":[{"embeddable":true,"href":"https:\/\/villa-aposperitis.gr\/fr\/wp-json\/wp\/v2\/comments?post=2393"}],"version-history":[{"count":2,"href":"https:\/\/villa-aposperitis.gr\/fr\/wp-json\/wp\/v2\/pages\/2393\/revisions"}],"predecessor-version":[{"id":2576,"href":"https:\/\/villa-aposperitis.gr\/fr\/wp-json\/wp\/v2\/pages\/2393\/revisions\/2576"}],"wp:featuredmedia":[{"embeddable":true,"href":"https:\/\/villa-aposperitis.gr\/fr\/wp-json\/wp\/v2\/media\/2327"}],"wp:attachment":[{"href":"https:\/\/villa-aposperitis.gr\/fr\/wp-json\/wp\/v2\/media?parent=2393"}],"curies":[{"name":"wp","href":"https:\/\/api.w.org\/{rel}","templated":true}]}}